{"id":240,"date":"2025-04-06T19:28:10","date_gmt":"2025-04-06T17:28:10","guid":{"rendered":"https:\/\/pflege-nowacki.de\/?page_id=240"},"modified":"2025-07-17T19:43:35","modified_gmt":"2025-07-17T17:43:35","slug":"pflegeberatung","status":"publish","type":"page","link":"https:\/\/pflege-nowacki.de\/index.php\/pflegeberatung\/","title":{"rendered":"Pflegeberatung"},"content":{"rendered":"<div data-colibri-id=\"240-c1\" class=\"style-266 style-local-240-c1 position-relative\">\n  <!---->\n  <div data-colibri-component=\"section\" data-colibri-id=\"240-c2\" id=\"custom\" class=\"h-section h-section-global-spacing d-flex align-items-lg-center align-items-md-center align-items-center style-267 style-local-240-c2 position-relative\">\n    <!---->\n    <!---->\n    <div class=\"h-section-grid-container h-section-boxed-container\">\n      <!---->\n      <div data-colibri-id=\"240-c3\" class=\"h-row-container gutters-row-lg-2 gutters-row-md-2 gutters-row-0 gutters-row-v-lg-2 gutters-row-v-md-2 gutters-row-v-2 style-268 style-local-240-c3 position-relative\">\n        <!---->\n        <div class=\"h-row justify-content-lg-center justify-content-md-center justify-content-center align-items-lg-stretch align-items-md-stretch align-items-stretch gutters-col-lg-2 gutters-col-md-2 gutters-col-0 gutters-col-v-lg-2 gutters-col-v-md-2 gutters-col-v-2\">\n          <!---->\n          <div class=\"h-column h-column-container d-flex h-col-lg-auto h-col-md-auto h-col-auto style-269-outer style-local-240-c4-outer\">\n            <div data-colibri-id=\"240-c4\" class=\"d-flex h-flex-basis h-column__inner h-px-lg-2 h-px-md-2 h-px-2 v-inner-lg-2 v-inner-md-2 v-inner-2 style-269 style-local-240-c4 position-relative\">\n              <!---->\n              <!---->\n              <div class=\"w-100 h-y-container h-column__content h-column__v-align flex-basis-100 align-self-lg-start align-self-md-start align-self-start\">\n                <!---->\n                <div data-colibri-id=\"240-c5\" class=\"h-text h-text-component style-326 style-local-240-c5 position-relative h-element\">\n                  <!---->\n                  <!---->\n                  <div class=\"\">\n                    <h3>Pflegeberatung und Beratungsgespr\u00e4ch nach \u00a7 37 SGB XI<\/h3>\n                    <p>Das Beratungsgespr\u00e4ch ist ein wichtiger Bestandteil der&nbsp;Pflegeversicherung&nbsp;in&nbsp;Deutschland, insbesondere f\u00fcr Pflegebed\u00fcrftige, die Pflegegeld beziehen. Es dient dazu, den Pflegebedarf zu evaluieren und sicherzustellen,\n                      dass die Pflegebed\u00fcrftigen die notwendige Unterst\u00fctzung erhalten.<\/p>\n                    <h5>Zielgruppe<\/h5>\n                    <p>\u2022&nbsp;&nbsp;&nbsp;&nbsp;&nbsp;Pflegebed\u00fcrftige mit&nbsp;Pflegegrad&nbsp;2 und 3&nbsp;m\u00fcssen&nbsp;halbj\u00e4hrlich&nbsp;ein Beratungsgespr\u00e4ch f\u00fchren.<\/p>\n                    <p>\u2022&nbsp;&nbsp;&nbsp;&nbsp;&nbsp;Bei&nbsp;Pflegegrad&nbsp;4 und 5&nbsp;ist ein&nbsp;j\u00e4hrliches&nbsp;Gespr\u00e4ch erforderlich.<\/p>\n                    <h5>Durchf\u00fchrung<\/h5>\n                    <p>\u2022&nbsp;&nbsp;&nbsp;&nbsp;&nbsp;Die Beratungsgespr\u00e4che k\u00f6nnen&nbsp;vor Ort&nbsp;in der h\u00e4uslichen Umgebung oder&nbsp;per Videokonferenz&nbsp;durchgef\u00fchrt werden.<\/p>\n                    <p>\u2022&nbsp;&nbsp;&nbsp;&nbsp;&nbsp;Die Erstberatung erfolgt in der Regel&nbsp;pers\u00f6nlich.<\/p>\n                    <h5>Inhalte des Gespr\u00e4chs<\/h5>\n                    <p>\u2022&nbsp;&nbsp;&nbsp;&nbsp;&nbsp;Im Rahmen des Gespr\u00e4chs werden die individuellen Bed\u00fcrfnisse des Pflegebed\u00fcrftigen er\u00f6rtert.<\/p>\n                    <p>\u2022&nbsp;&nbsp;&nbsp;&nbsp;&nbsp;Es wird besprochen, ob die aktuelle Pflege ausreichend ist oder ob Anpassungen notwendig sind.<\/p>\n                    <h5>Nachweis<\/h5>\n                    <p>\u2022&nbsp;&nbsp;&nbsp;&nbsp;&nbsp;Nach dem Beratungsgespr\u00e4ch erhalten die Pflegebed\u00fcrftigen einen&nbsp;Nachweis, der bei der&nbsp;Pflegekasse&nbsp;eingereicht werden muss.<\/p>\n                    <p>\n                      <br>\n                    <\/p>\n                    <h5>Bedeutung des Beratungsgespr\u00e4chs<\/h5>\n                    <p>Das Beratungsgespr\u00e4ch ist nicht nur eine gesetzliche Pflicht, sondern auch eine wertvolle Gelegenheit f\u00fcr Pflegebed\u00fcrftige und ihre Angeh\u00f6rigen, um Informationen \u00fcber verf\u00fcgbare Unterst\u00fctzungsangebote zu erhalten und sicherzustellen,\n                      dass die Pflegebed\u00fcrftigen die bestm\u00f6gliche Versorgung erhalten.<\/p>\n                  <\/div>\n                <\/div>\n              <\/div>\n            <\/div>\n          <\/div>\n        <\/div>\n      <\/div>\n    <\/div>\n  <\/div>\n<\/div>","protected":false},"excerpt":{"rendered":"<p>Pflegeberatung und Beratungsgespr\u00e4ch nach \u00a7 37 SGB XI Das Beratungsgespr\u00e4ch ist ein wichtiger Bestandteil der&nbsp;Pflegeversicherung&nbsp;in&nbsp;Deutschland, insbesondere f\u00fcr Pflegebed\u00fcrftige, die Pflegegeld beziehen. Es dient dazu, den Pflegebedarf zu evaluieren und sicherzustellen, dass die Pflegebed\u00fcrftigen die notwendige Unterst\u00fctzung erhalten. Zielgruppe \u2022&nbsp;&nbsp;&nbsp;&nbsp;&nbsp;Pflegebed\u00fcrftige mit&nbsp;Pflegegrad&nbsp;2 und 3&nbsp;m\u00fcssen&nbsp;halbj\u00e4hrlich&nbsp;ein Beratungsgespr\u00e4ch f\u00fchren. \u2022&nbsp;&nbsp;&nbsp;&nbsp;&nbsp;Bei&nbsp;Pflegegrad&nbsp;4 und 5&nbsp;ist ein&nbsp;j\u00e4hrliches&nbsp;Gespr\u00e4ch erforderlich. Durchf\u00fchrung \u2022&nbsp;&nbsp;&nbsp;&nbsp;&nbsp;Die Beratungsgespr\u00e4che k\u00f6nnen&nbsp;vor Ort&nbsp;in der [&hellip;]<\/p>\n","protected":false},"author":1,"featured_media":0,"parent":0,"menu_order":0,"comment_status":"closed","ping_status":"closed","template":"page-templates\/full-width-page.php","meta":{"footnotes":""},"class_list":["post-240","page","type-page","status-publish","hentry"],"_links":{"self":[{"href":"https:\/\/pflege-nowacki.de\/index.php\/wp-json\/wp\/v2\/pages\/240","targetHints":{"allow":["GET"]}}],"collection":[{"href":"https:\/\/pflege-nowacki.de\/index.php\/wp-json\/wp\/v2\/pages"}],"about":[{"href":"https:\/\/pflege-nowacki.de\/index.php\/wp-json\/wp\/v2\/types\/page"}],"author":[{"embeddable":true,"href":"https:\/\/pflege-nowacki.de\/index.php\/wp-json\/wp\/v2\/users\/1"}],"replies":[{"embeddable":true,"href":"https:\/\/pflege-nowacki.de\/index.php\/wp-json\/wp\/v2\/comments?post=240"}],"version-history":[{"count":9,"href":"https:\/\/pflege-nowacki.de\/index.php\/wp-json\/wp\/v2\/pages\/240\/revisions"}],"predecessor-version":[{"id":614,"href":"https:\/\/pflege-nowacki.de\/index.php\/wp-json\/wp\/v2\/pages\/240\/revisions\/614"}],"wp:attachment":[{"href":"https:\/\/pflege-nowacki.de\/index.php\/wp-json\/wp\/v2\/media?parent=240"}],"curies":[{"name":"wp","href":"https:\/\/api.w.org\/{rel}","templated":true}]}}