{"id":2,"date":"2025-01-06T16:55:12","date_gmt":"2025-01-06T16:55:12","guid":{"rendered":"https:\/\/pflege-nowacki.de\/?page_id=2"},"modified":"2026-02-21T09:03:25","modified_gmt":"2026-02-21T08:03:25","slug":"sample-page","status":"publish","type":"page","link":"https:\/\/pflege-nowacki.de\/","title":{"rendered":"Startseite"},"content":{"rendered":"<div data-colibri-id=\"2-c1\" class=\"style-203 style-local-2-c1 position-relative\">\n  <!---->\n  <div data-colibri-component=\"section\" data-colibri-id=\"2-c2\" id=\"initial-content\" class=\"h-section h-section-global-spacing d-flex align-items-lg-center align-items-md-center align-items-center style-204 style-local-2-c2 position-relative\">\n    <!---->\n    <!---->\n    <div class=\"h-section-grid-container h-section-boxed-container\">\n      <!---->\n      <div data-colibri-id=\"2-c3\" class=\"h-row-container gutters-row-lg-2 gutters-row-md-2 gutters-row-0 gutters-row-v-lg-2 gutters-row-v-md-2 gutters-row-v-2 style-208 style-local-2-c3 position-relative\">\n        <!---->\n        <div class=\"h-row justify-content-lg-center justify-content-md-center justify-content-center align-items-lg-stretch align-items-md-stretch align-items-stretch gutters-col-lg-2 gutters-col-md-2 gutters-col-0 gutters-col-v-lg-2 gutters-col-v-md-2 gutters-col-v-2\">\n          <!---->\n          <div class=\"h-column h-column-container d-flex h-col-lg-auto h-col-md-auto h-col-auto style-209-outer style-local-2-c4-outer\">\n            <div data-colibri-id=\"2-c4\" class=\"d-flex h-flex-basis h-column__inner h-px-lg-2 h-px-md-2 h-px-2 v-inner-lg-2 v-inner-md-2 v-inner-2 style-209 style-local-2-c4 position-relative\">\n              <!---->\n              <!---->\n              <div class=\"w-100 h-y-container h-column__content h-column__v-align flex-basis-100 align-self-lg-start align-self-md-start align-self-start\">\n                <!---->\n                <div data-colibri-id=\"2-c5\" class=\"h-lead h-text h-text-component style-331 style-local-2-c5 justified position-relative h-element\">\n                  <!---->\n                  <!---->\n                  <div class=\"\">\n                    <p>Die Zahl der Pflegebed\u00fcrftigen in&nbsp;Bayern&nbsp;ist hoch und steigt stetig an. Aktuelle Statistiken zeigen, dass ein erheblicher Teil der Bev\u00f6lkerung auf Pflege angewiesen ist. Die Alterung der Bev\u00f6lkerung ist der Hauptgrund f\u00fcr\n                      diesen Trend.<\/p>\n                    <p>In der heutigen Zeit ist es deshalb wichtiger denn je, eine individuelle und bedarfsgerechte Pflege zu gew\u00e4hrleisten. Unser Service kombiniert die Erstellung von Pflegegutachten mit einer 24-Stunden-Koordination, um Ihnen und Ihren\n                      Angeh\u00f6rigen die bestm\u00f6gliche Unterst\u00fctzung zu bieten.<\/p>\n                  <\/div>\n                <\/div>\n              <\/div>\n            <\/div>\n          <\/div>\n        <\/div>\n      <\/div>\n    <\/div>\n  <\/div>\n  <div data-colibri-component=\"section\" data-colibri-id=\"2-c6\" id=\"overlappable\" class=\"h-section h-section-global-spacing d-flex align-items-lg-center align-items-md-center align-items-center style-239 style-local-2-c6 position-relative\">\n    <!---->\n    <!---->\n    <div class=\"h-section-grid-container h-section-boxed-container\">\n      <!---->\n      <div data-colibri-id=\"2-c7\" class=\"h-row-container gutters-row-lg-0 gutters-row-md-0 gutters-row-0 gutters-row-v-lg-0 gutters-row-v-md-0 gutters-row-v-0 style-240 style-local-2-c7 position-relative\">\n        <!---->\n        <div class=\"h-row justify-content-lg-center justify-content-md-center justify-content-center align-items-lg-stretch align-items-md-stretch align-items-stretch gutters-col-lg-0 gutters-col-md-0 gutters-col-0 gutters-col-v-lg-0 gutters-col-v-md-0 gutters-col-v-0\">\n          <!---->\n          <div class=\"h-column h-column-container d-flex h-col-lg-auto h-col-md-auto h-col-auto style-241-outer style-local-2-c8-outer\">\n            <div data-colibri-id=\"2-c8\" class=\"d-flex h-flex-basis h-column__inner h-px-lg-3 h-px-md-3 h-px-2 v-inner-lg-3 v-inner-md-3 v-inner-2 style-241 style-local-2-c8 position-relative\">\n              <!---->\n              <!---->\n              <div class=\"w-100 h-y-container h-column__content h-column__v-align flex-basis-100 align-self-lg-start align-self-md-start align-self-start\">\n                <!---->\n                <div data-colibri-id=\"2-c9\" class=\"h-icon style-242 style-local-2-c9 position-relative h-element\">\n                  <!----><span class=\"h-svg-icon h-icon__icon style-242-icon style-local-2-c9-icon\"><!--Icon by Font Awesome (https:\/\/fontawesome.com)-->\n    <svg version=\"1.1\" xmlns=\"http:\/\/www.w3.org\/2000\/svg\" xmlns:xlink=\"http:\/\/www.w3.org\/1999\/xlink\" id=\"info-circle\" viewBox=\"0 0 1536 1896.0833\">\n      <path d=\"M1024 1376v-160q0-14-9-23t-23-9h-96V672q0-14-9-23t-23-9H544q-14 0-23 9t-9 23v160q0 14 9 23t23 9h96v320h-96q-14 0-23 9t-9 23v160q0 14 9 23t23 9h448q14 0 23-9t9-23zM896 480V320q0-14-9-23t-23-9H672q-14 0-23 9t-9 23v160q0 14 9 23t23 9h192q14 0 23-9t9-23zm640 416q0 209-103 385.5T1153.5 1561 768 1664t-385.5-103T103 1281.5 0 896t103-385.5T382.5 231 768 128t385.5 103T1433 510.5 1536 896z\"><\/path>\n    <\/svg><\/span><\/div>\n                <div data-colibri-id=\"2-c10\" class=\"h-global-transition-all h-heading style-254 style-local-2-c10 position-relative h-element\">\n                  <!---->\n                  <div class=\"h-heading__outer style-254 style-local-2-c10\">\n                    <!---->\n                    <!---->\n                    <h5 class=\"\">Pflegeberatung<\/h5>\n                  <\/div>\n                <\/div>\n                <div data-colibri-id=\"2-c11\" class=\"h-text h-text-component style-244 style-local-2-c11 justified position-relative h-element\">\n                  <!---->\n                  <!---->\n                  <div class=\"\">\n                    <p>Das Beratungsgespr\u00e4ch ist nicht nur eine gesetzliche Pflicht, sondern auch eine wertvolle Gelegenheit f\u00fcr Pflegebed\u00fcrftige und ihre Angeh\u00f6rigen, um Informationen \u00fcber verf\u00fcgbare Unterst\u00fctzungsangebote zu erhalten und sicherzustellen,\n                      dass die Pflegebed\u00fcrftigen die bestm\u00f6gliche Versorgung erhalten.<\/p>\n                  <\/div>\n                <\/div>\n                <div data-colibri-id=\"2-c12\" class=\"h-x-container style-245 style-local-2-c12 position-relative h-element\">\n                  <!---->\n                  <div class=\"h-x-container-inner style-dynamic-2-c12-group style-245-spacing style-local-2-c12-spacing\"><span class=\"h-button__outer style-246-outer style-local-2-c13-outer d-inline-flex h-element\"><a h-use-smooth-scroll=\"true\" href=\"https:\/\/pflege-nowacki.de\/index.php\/pflegeberatung\/\"  data-colibri-id=\"2-c13\" class=\"d-flex w-100 align-items-center h-button justify-content-lg-center justify-content-md-center justify-content-center style-246 style-local-2-c13 position-relative\"><!----><!----> <span>Mehr Erfahren<\/span><\/a>\n                    <\/span>\n                  <\/div>\n                <\/div>\n              <\/div>\n            <\/div>\n          <\/div>\n          <div class=\"h-column h-column-container d-flex h-col-lg-auto h-col-md-auto h-col-auto style-247-outer style-local-2-c14-outer\">\n            <div data-colibri-id=\"2-c14\" class=\"d-flex h-flex-basis h-column__inner h-px-lg-3 h-px-md-3 h-px-3 v-inner-lg-3 v-inner-md-3 v-inner-3 style-247 style-local-2-c14 position-relative\">\n              <!---->\n              <!---->\n              <div class=\"w-100 h-y-container h-column__content h-column__v-align flex-basis-100 align-self-lg-start align-self-md-start align-self-start\">\n                <!---->\n                <div data-colibri-id=\"2-c15\" class=\"h-icon style-248 style-local-2-c15 position-relative h-element\">\n                  <!----><span class=\"h-svg-icon h-icon__icon style-248-icon style-local-2-c15-icon\"><!--Icon by Ionicons (https:\/\/ionicons.com)--><svg version=\"1.1\" xmlns=\"http:\/\/www.w3.org\/2000\/svg\" xmlns:xlink=\"http:\/\/www.w3.org\/1999\/xlink\" id=\"document-text\" viewBox=\"0 0 288 512\"><path d=\"M286 169c1 3 2 6 2 10v245c0 13-10 24-22 24H23c-12 0-23-11-23-24V88c0-13 11-24 23-24h160c3 0 6 0 9 2 2 1 5 3 7 5l84 92c2 2 2 4 3 6zM48 179v10c0 1 1 3 3 3h71c2 0 3-2 3-3v-10c0-2-1-3-3-3H51c-2 0-3 1-3 3zm0 128v10c0 1 1 3 3 3h123c2 0 2-2 2-3v-10c0-2 0-3-2-3H51c-2 0-3 1-3 3zm160 74v-10c0-2 0-3-2-3H51c-2 0-3 1-3 3v10c0 1 1 3 3 3h155c2 0 2-2 2-3zm32-128v-10c0-2 0-3-2-3H51c-2 0-3 1-3 3v10c0 1 1 3 3 3h187c2 0 2-2 2-3zm-47-75h60l-71-78v66c0 6 5 12 11 12z\"><\/path><\/svg><\/span><\/div>\n                <div\n                  data-colibri-id=\"2-c16\" class=\"h-global-transition-all h-heading style-249 style-local-2-c16 position-relative h-element\">\n                  <!---->\n                  <div class=\"h-heading__outer style-249 style-local-2-c16\">\n                    <!---->\n                    <!---->\n                    <h5 class=\"\">Pflegegutachten<\/h5>\n                  <\/div>\n              <\/div>\n              <div data-colibri-id=\"2-c17\" class=\"h-text h-text-component style-250 style-local-2-c17 justified position-relative h-element\">\n                <!---->\n                <!---->\n                <div class=\"\">\n                  <p>Unabh\u00e4ngige Pflegegutachten sind wichtig, um eine objektive Einsch\u00e4tzung des Pflegebedarfs zu erhalten, bei der Beantragung von Pflegeleistungen oder bei Widerspr\u00fcchen gegen Entscheidungen der Pflegekasse.<\/p>\n                <\/div>\n              <\/div>\n              <div data-colibri-id=\"2-c18\" class=\"style-261 style-local-2-c18 position-relative h-element\">\n                <!---->\n              <\/div>\n              <div data-colibri-id=\"2-c19\" class=\"h-x-container style-245 style-local-2-c19 position-relative h-element\">\n                <!---->\n                <div class=\"h-x-container-inner style-dynamic-2-c19-group style-245-spacing style-local-2-c19-spacing\"><span class=\"h-button__outer style-251-outer style-local-2-c20-outer d-inline-flex h-element\"><a h-use-smooth-scroll=\"true\" href=\"https:\/\/pflege-nowacki.de\/index.php\/pflegegutachten\/\"  data-colibri-id=\"2-c20\" class=\"d-flex w-100 align-items-center h-button justify-content-lg-center justify-content-md-center justify-content-center style-251 style-local-2-c20 position-relative\"><!----><!----> <span>Mehr Erfahren<\/span><\/a>\n                  <\/span>\n                <\/div>\n              <\/div>\n            <\/div>\n          <\/div>\n        <\/div>\n        <div class=\"h-column h-column-container d-flex h-col-lg-auto h-col-md-auto h-col-auto style-252-outer style-local-2-c21-outer\">\n          <div data-colibri-id=\"2-c21\" class=\"d-flex h-flex-basis h-column__inner h-px-lg-3 h-px-md-3 h-px-3 v-inner-lg-3 v-inner-md-3 v-inner-3 style-252 style-local-2-c21 position-relative\">\n            <!---->\n            <!---->\n            <div class=\"w-100 h-y-container h-column__content h-column__v-align flex-basis-100 align-self-lg-start align-self-md-start align-self-start\">\n              <!---->\n              <div data-colibri-id=\"2-c22\" class=\"h-icon style-253 style-local-2-c22 position-relative h-element\">\n                <!----><span class=\"h-svg-icon h-icon__icon style-253-icon style-local-2-c22-icon\"><!--Icon by Font Awesome (https:\/\/fontawesome.com)-->\n    <svg version=\"1.1\" xmlns=\"http:\/\/www.w3.org\/2000\/svg\" xmlns:xlink=\"http:\/\/www.w3.org\/1999\/xlink\" id=\"clock-o\" viewBox=\"0 0 1536 1896.0833\">\n      <path d=\"M896 544v448q0 14-9 23t-23 9H544q-14 0-23-9t-9-23v-64q0-14 9-23t23-9h224V544q0-14 9-23t23-9h64q14 0 23 9t9 23zm416 352q0-148-73-273t-198-198-273-73-273 73-198 198-73 273 73 273 198 198 273 73 273-73 198-198 73-273zm224 0q0 209-103 385.5T1153.5 1561 768 1664t-385.5-103T103 1281.5 0 896t103-385.5T382.5 231 768 128t385.5 103T1433 510.5 1536 896z\"><\/path>\n    <\/svg><\/span><\/div>\n              <div data-colibri-id=\"2-c23\" class=\"h-global-transition-all h-heading style-254 style-local-2-c23 position-relative h-element\">\n                <!---->\n                <div class=\"h-heading__outer style-254 style-local-2-c23\">\n                  <!---->\n                  <!---->\n                  <h5 class=\"\">24-Stunden Kordination<\/h5>\n                <\/div>\n              <\/div>\n              <div data-colibri-id=\"2-c24\" class=\"h-text h-text-component style-255 style-local-2-c24 justified position-relative h-element\">\n                <!---->\n                <!---->\n                <div class=\"\">\n                  <p>Rund-um-die-Uhr-Betreuung: Unser Team steht Ihnen jederzeit zur Verf\u00fcgung, um sicherzustellen, dass alle Pflegebed\u00fcrfnisse zeitnah und effizient erf\u00fcllt werden. Wir organisieren und koordinieren die Eins\u00e4tze von qualifizierten Pflegekr\u00e4ften,\n                    die auf Ihre individuellen Bed\u00fcrfnisse abgestimmt sind.<\/p>\n                <\/div>\n              <\/div>\n              <div data-colibri-id=\"2-c25\" class=\"style-262 style-local-2-c25 position-relative h-element\">\n                <!---->\n              <\/div>\n              <div data-colibri-id=\"2-c26\" class=\"h-x-container style-245 style-local-2-c26 position-relative h-element\">\n                <!---->\n                <div class=\"h-x-container-inner style-dynamic-2-c26-group style-245-spacing style-local-2-c26-spacing\"><span class=\"h-button__outer style-256-outer style-local-2-c27-outer d-inline-flex h-element\"><a h-use-smooth-scroll=\"true\" href=\"https:\/\/pflege-nowacki.de\/index.php\/24-stunden-koordination\/\"  data-colibri-id=\"2-c27\" class=\"d-flex w-100 align-items-center h-button justify-content-lg-center justify-content-md-center justify-content-center style-256 style-local-2-c27 position-relative\"><!----><!----> <span>Mehr Erfahren<\/span><\/a>\n                  <\/span>\n                <\/div>\n              <\/div>\n            <\/div>\n          <\/div>\n        <\/div>\n      <\/div>\n    <\/div>\n  <\/div>\n<\/div>\n<div data-colibri-component=\"section\" data-colibri-id=\"2-c28\" id=\"custom-2\" class=\"h-section h-section-global-spacing d-flex align-items-lg-center align-items-md-center align-items-center style-347 style-local-2-c28 position-relative\">\n  <!---->\n  <!---->\n  <div class=\"h-section-grid-container h-section-boxed-container\">\n    <!---->\n    <div data-colibri-id=\"2-c29\" class=\"h-row-container gutters-row-lg-2 gutters-row-md-2 gutters-row-0 gutters-row-v-lg-2 gutters-row-v-md-2 gutters-row-v-2 style-348 style-local-2-c29 position-relative\">\n      <!---->\n      <div class=\"h-row justify-content-lg-center justify-content-md-center justify-content-center align-items-lg-stretch align-items-md-stretch align-items-stretch gutters-col-lg-2 gutters-col-md-2 gutters-col-0 gutters-col-v-lg-2 gutters-col-v-md-2 gutters-col-v-2\">\n        <!---->\n        <div class=\"h-column h-column-container d-flex h-col-lg h-col-md h-col-auto style-349-outer style-local-2-c30-outer\">\n          <div data-colibri-id=\"2-c30\" class=\"d-flex h-flex-basis h-column__inner h-px-lg-2 h-px-md-2 h-px-2 v-inner-lg-2 v-inner-md-2 v-inner-2 style-349 style-local-2-c30 position-relative\">\n            <!---->\n            <!---->\n            <div class=\"w-100 h-y-container h-column__content h-column__v-align flex-basis-100 align-self-lg-center align-self-md-center align-self-center\">\n              <!---->\n              <div data-colibri-id=\"2-c31\" class=\"h-global-transition-all h-heading style-353 style-local-2-c31 position-relative h-element\">\n                <!---->\n                <div class=\"h-heading__outer style-353 style-local-2-c31\">\n                  <!---->\n                  <!---->\n                  <h3 class=\"\">Lesen Sie unseren Ratgeber\n                    <br>&#8222;24-Stunden-Betreuung zu Hause&#8220;<\/h3>\n                <\/div>\n              <\/div>\n              <div data-colibri-id=\"2-c32\" class=\"h-x-container style-354 style-local-2-c32 position-relative h-element\">\n                <!---->\n                <div class=\"h-x-container-inner style-dynamic-2-c32-group style-354-spacing style-local-2-c32-spacing\"><span class=\"h-link__outer style-355-outer style-local-2-c33-outer d-inline-flex h-element\"><a h-use-smooth-scroll=\"true\" href=\".\/public\/Ratgeber - 24h-Stunden-Betreuung-2025-1.pdf\" target=\"_blank\"  data-colibri-id=\"2-c33\" class=\"d-flex w-100 align-items-center h-link style-355 style-local-2-c33 position-relative\"><!----><!----> <span>Download als PDF<\/span><\/a>\n                  <\/span>\n                <\/div>\n              <\/div>\n            <\/div>\n          <\/div>\n        <\/div>\n        <div class=\"h-column h-column-container d-flex h-col-lg-auto h-col-md-auto h-col-auto style-351-outer style-local-2-c34-outer\">\n          <div data-colibri-id=\"2-c34\" class=\"d-flex h-flex-basis h-column__inner h-px-lg-2 h-px-md-2 h-px-2 v-inner-lg-2 v-inner-md-2 v-inner-2 style-351 style-local-2-c34 position-relative\">\n            <!---->\n            <!---->\n            <div class=\"w-100 h-y-container h-column__content h-column__v-align flex-basis-auto align-self-lg-start align-self-md-start align-self-start\">\n              <!---->\n              <div data-colibri-id=\"2-c35\" class=\"d-block style-352 style-local-2-c35 position-relative h-element\">\n                <!---->\n                <div class=\"h-image__frame-container-outer\">\n                  <a href=\".\/public\/Ratgeber - 24h-Stunden-Betreuung-2025-1.pdf\" target=\"_blank\" h-use-smooth-scroll=\"true\" class=\"image-link\">\n                    <div class=\"h-image__frame-container\">\n                      <!---->\n                      <!---->\n                      <img loading=\"lazy\" decoding=\"async\" width=\"246\" height=\"369\" src=\"https:\/\/pflege-nowacki.de\/wp-content\/uploads\/2025\/08\/Ratgeber-24h-Stunden-Betreuung.png\" class=\"wp-image-826 style-352-image style-local-2-c35-image\" alt=\"\" srcset=\"https:\/\/pflege-nowacki.de\/wp-content\/uploads\/2025\/08\/Ratgeber-24h-Stunden-Betreuung.png 246w, https:\/\/pflege-nowacki.de\/wp-content\/uploads\/2025\/08\/Ratgeber-24h-Stunden-Betreuung-200x300.png 200w\" sizes=\"auto, (max-width: 246px) 100vw, 246px\" \/>\n                      <div class=\"h-image__frame h-hide-lg h-hide-md h-hide-sm style-352-frameImage style-local-2-c35-frameImage\"><\/div>\n                    <\/div>\n                  <\/a>\n                <\/div>\n              <\/div>\n            <\/div>\n          <\/div>\n        <\/div>\n      <\/div>\n    <\/div>\n  <\/div>\n<\/div>\n<div data-colibri-component=\"section\" data-colibri-id=\"2-c36\" id=\"custom\" class=\"h-section h-section-global-spacing d-flex align-items-lg-center align-items-md-center align-items-center style-211 style-local-2-c36 position-relative\">\n  <!---->\n  <!---->\n  <div class=\"h-section-grid-container h-section-boxed-container\">\n    <!---->\n    <div data-colibri-id=\"2-c37\" class=\"h-row-container gutters-row-lg-2 gutters-row-md-2 gutters-row-0 gutters-row-v-lg-2 gutters-row-v-md-2 gutters-row-v-2 style-212 style-local-2-c37 position-relative\">\n      <!---->\n      <div class=\"h-row justify-content-lg-center justify-content-md-center justify-content-center align-items-lg-stretch align-items-md-stretch align-items-stretch gutters-col-lg-2 gutters-col-md-2 gutters-col-0 gutters-col-v-lg-2 gutters-col-v-md-2 gutters-col-v-2\">\n        <!---->\n        <div class=\"h-column h-column-container d-flex h-col-lg-auto h-col-md-auto h-col-auto style-213-outer style-local-2-c38-outer\">\n          <div data-colibri-id=\"2-c38\" class=\"d-flex h-flex-basis h-column__inner h-px-lg-2 h-px-md-2 h-px-2 v-inner-lg-2 v-inner-md-2 v-inner-2 style-213 style-local-2-c38 position-relative\">\n            <!---->\n            <!---->\n            <div class=\"w-100 h-y-container h-column__content h-column__v-align flex-basis-100 align-self-lg-start align-self-md-start align-self-start\">\n              <!---->\n              <div data-colibri-id=\"2-c39\" class=\"h-text h-text-component style-214 style-local-2-c39 position-relative h-element\">\n                <!---->\n                <!---->\n                <div class=\"\">\n                  <p>Darius Nowacki<\/p>\n                  <p>Fluderstra\u00dfe 43\n                    <br>93059 Regensburg<\/p>\n                  <p>Email: info@pflege-nowacki.de<\/p>\n                  <p>\n                    <br>\n                  <\/p>\n                <\/div>\n              <\/div>\n            <\/div>\n          <\/div>\n        <\/div>\n      <\/div>\n    <\/div>\n  <\/div>\n<\/div>\n<\/div>","protected":false},"excerpt":{"rendered":"<p>Die Zahl der Pflegebed\u00fcrftigen in&nbsp;Bayern&nbsp;ist hoch und steigt stetig an. Aktuelle Statistiken zeigen, dass ein erheblicher Teil der Bev\u00f6lkerung auf Pflege angewiesen ist. Die Alterung der Bev\u00f6lkerung ist der Hauptgrund f\u00fcr diesen Trend. In der heutigen Zeit ist es deshalb wichtiger denn je, eine individuelle und bedarfsgerechte Pflege zu gew\u00e4hrleisten. Unser Service kombiniert die Erstellung [&hellip;]<\/p>\n","protected":false},"author":1,"featured_media":0,"parent":0,"menu_order":0,"comment_status":"closed","ping_status":"closed","template":"page-templates\/full-width-page.php","meta":{"footnotes":""},"class_list":["post-2","page","type-page","status-publish","hentry"],"_links":{"self":[{"href":"https:\/\/pflege-nowacki.de\/index.php\/wp-json\/wp\/v2\/pages\/2","targetHints":{"allow":["GET"]}}],"collection":[{"href":"https:\/\/pflege-nowacki.de\/index.php\/wp-json\/wp\/v2\/pages"}],"about":[{"href":"https:\/\/pflege-nowacki.de\/index.php\/wp-json\/wp\/v2\/types\/page"}],"author":[{"embeddable":true,"href":"https:\/\/pflege-nowacki.de\/index.php\/wp-json\/wp\/v2\/users\/1"}],"replies":[{"embeddable":true,"href":"https:\/\/pflege-nowacki.de\/index.php\/wp-json\/wp\/v2\/comments?post=2"}],"version-history":[{"count":20,"href":"https:\/\/pflege-nowacki.de\/index.php\/wp-json\/wp\/v2\/pages\/2\/revisions"}],"predecessor-version":[{"id":1174,"href":"https:\/\/pflege-nowacki.de\/index.php\/wp-json\/wp\/v2\/pages\/2\/revisions\/1174"}],"wp:attachment":[{"href":"https:\/\/pflege-nowacki.de\/index.php\/wp-json\/wp\/v2\/media?parent=2"}],"curies":[{"name":"wp","href":"https:\/\/api.w.org\/{rel}","templated":true}]}}