{"id":160,"date":"2025-04-05T16:46:54","date_gmt":"2025-04-05T14:46:54","guid":{"rendered":"https:\/\/pflege-nowacki.de\/?page_id=160"},"modified":"2025-07-17T19:43:58","modified_gmt":"2025-07-17T17:43:58","slug":"24-stunden-koordination","status":"publish","type":"page","link":"https:\/\/pflege-nowacki.de\/index.php\/24-stunden-koordination\/","title":{"rendered":"24-Stunden Koordination"},"content":{"rendered":"<div data-colibri-id=\"160-c1\" class=\"style-274 style-local-160-c1 position-relative\">\n  <!---->\n  <div data-colibri-component=\"section\" data-colibri-id=\"160-c2\" id=\"custom\" class=\"h-section h-section-global-spacing d-flex align-items-lg-center align-items-md-center align-items-center style-275 style-local-160-c2 position-relative\">\n    <!---->\n    <!---->\n    <div class=\"h-section-grid-container h-section-boxed-container\">\n      <!---->\n      <div data-colibri-id=\"160-c3\" class=\"h-row-container gutters-row-lg-2 gutters-row-md-2 gutters-row-0 gutters-row-v-lg-2 gutters-row-v-md-2 gutters-row-v-2 style-276 style-local-160-c3 position-relative\">\n        <!---->\n        <div class=\"h-row justify-content-lg-center justify-content-md-center justify-content-center align-items-lg-stretch align-items-md-stretch align-items-stretch gutters-col-lg-2 gutters-col-md-2 gutters-col-0 gutters-col-v-lg-2 gutters-col-v-md-2 gutters-col-v-2\">\n          <!---->\n          <div class=\"h-column h-column-container d-flex h-col-lg-auto h-col-md-auto h-col-auto style-277-outer style-local-160-c4-outer\">\n            <div data-colibri-id=\"160-c4\" class=\"d-flex h-flex-basis h-column__inner h-px-lg-2 h-px-md-2 h-px-2 v-inner-lg-2 v-inner-md-2 v-inner-2 style-277 style-local-160-c4 position-relative\">\n              <!---->\n              <!---->\n              <div class=\"w-100 h-y-container h-column__content h-column__v-align flex-basis-100 align-self-lg-start align-self-md-start align-self-start\">\n                <!---->\n                <div data-colibri-id=\"160-c5\" class=\"h-text h-text-component style-328 style-local-160-c5 position-relative h-element\">\n                  <!---->\n                  <!---->\n                  <div class=\"\">\n                    <h3>24-Stunden-Koordination<\/h3>\n                    <ol>\n                      <li>Rund-um-die-Uhr-Betreuung: Unser Team steht Ihnen jederzeit zur Verf\u00fcgung, um sicherzustellen, dass alle Pflegebed\u00fcrfnisse zeitnah und effizient erf\u00fcllt werden.<\/li>\n                      <li>Koordination von Pflegekr\u00e4ften: Wir organisieren und koordinieren die Eins\u00e4tze von qualifizierten Pflegekr\u00e4ften, die auf Ihre individuellen Bed\u00fcrfnisse abgestimmt sind.<\/li>\n                      <li>Notfallmanagement: Im Falle von unerwarteten Situationen sind wir sofort zur Stelle, um schnelle L\u00f6sungen zu finden und die Kontinuit\u00e4t der Pflege zu gew\u00e4hrleisten.<\/li>\n                    <\/ol>\n                    <h5>Warum unsere kombinierte Leistung?<\/h5>\n                    <ol>\n                      <li>Ganzheitlicher Ansatz: Durch die Kombination von Pflegegutachten und 24-Stunden-Koordination bieten wir Ihnen eine umfassende L\u00f6sung, die alle Aspekte der Pflege abdeckt.<\/li>\n                      <li>Individuelle Betreuung: Wir passen unsere Dienstleistungen an Ihre speziellen Bed\u00fcrfnisse an und sorgen daf\u00fcr, dass Sie die Unterst\u00fctzung erhalten, die Sie verdienen.<\/li>\n                      <li>Entlastung f\u00fcr Angeh\u00f6rige: Unsere Dienstleistungen nehmen Ihnen die Last der Organisation ab, sodass Sie sich auf das Wesentliche konzentrieren k\u00f6nnen \u2013 die Zeit mit Ihren Liebsten.<\/li>\n                    <\/ol>\n                    <h5>Fazit<\/h5>\n                    <p>Mit unserer Kombination aus Pflegegutachten und 24-Stunden-Koordination sind Sie bestens ger\u00fcstet, um die optimale Pflege f\u00fcr sich oder Ihre Angeh\u00f6rigen sicherzustellen. Kontaktieren Sie uns noch heute, um mehr \u00fcber unsere Dienstleistungen\n                      zu erfahren und einen ersten Beratungstermin zu vereinbaren. Wir sind f\u00fcr Sie da \u2013 rund um die Uhr!<\/p>\n                  <\/div>\n                <\/div>\n              <\/div>\n            <\/div>\n          <\/div>\n        <\/div>\n      <\/div>\n    <\/div>\n  <\/div>\n<\/div>","protected":false},"excerpt":{"rendered":"<p>24-Stunden-Koordination Rund-um-die-Uhr-Betreuung: Unser Team steht Ihnen jederzeit zur Verf\u00fcgung, um sicherzustellen, dass alle Pflegebed\u00fcrfnisse zeitnah und effizient erf\u00fcllt werden. Koordination von Pflegekr\u00e4ften: Wir organisieren und koordinieren die Eins\u00e4tze von qualifizierten Pflegekr\u00e4ften, die auf Ihre individuellen Bed\u00fcrfnisse abgestimmt sind. Notfallmanagement: Im Falle von unerwarteten Situationen sind wir sofort zur Stelle, um schnelle L\u00f6sungen zu finden und [&hellip;]<\/p>\n","protected":false},"author":1,"featured_media":0,"parent":0,"menu_order":0,"comment_status":"closed","ping_status":"closed","template":"page-templates\/full-width-page.php","meta":{"footnotes":""},"class_list":["post-160","page","type-page","status-publish","hentry"],"_links":{"self":[{"href":"https:\/\/pflege-nowacki.de\/index.php\/wp-json\/wp\/v2\/pages\/160","targetHints":{"allow":["GET"]}}],"collection":[{"href":"https:\/\/pflege-nowacki.de\/index.php\/wp-json\/wp\/v2\/pages"}],"about":[{"href":"https:\/\/pflege-nowacki.de\/index.php\/wp-json\/wp\/v2\/types\/page"}],"author":[{"embeddable":true,"href":"https:\/\/pflege-nowacki.de\/index.php\/wp-json\/wp\/v2\/users\/1"}],"replies":[{"embeddable":true,"href":"https:\/\/pflege-nowacki.de\/index.php\/wp-json\/wp\/v2\/comments?post=160"}],"version-history":[{"count":9,"href":"https:\/\/pflege-nowacki.de\/index.php\/wp-json\/wp\/v2\/pages\/160\/revisions"}],"predecessor-version":[{"id":621,"href":"https:\/\/pflege-nowacki.de\/index.php\/wp-json\/wp\/v2\/pages\/160\/revisions\/621"}],"wp:attachment":[{"href":"https:\/\/pflege-nowacki.de\/index.php\/wp-json\/wp\/v2\/media?parent=160"}],"curies":[{"name":"wp","href":"https:\/\/api.w.org\/{rel}","templated":true}]}}